{"id":20,"date":"2017-04-22T10:05:02","date_gmt":"2017-04-22T10:05:02","guid":{"rendered":"http:\/\/www.sotaoaberto.com\/casadasandorinhas\/?page_id=20"},"modified":"2017-04-22T12:09:43","modified_gmt":"2017-04-22T12:09:43","slug":"ponte-de-lima","status":"publish","type":"page","link":"http:\/\/www.sotaoaberto.com\/casadasandorinhas\/ponte-de-lima\/","title":{"rendered":"Ponte de Lima (Why visit)"},"content":{"rendered":"<p>Ponte de Lima \u00e9 uma das mais bonitas e antigas vilas de Portugal. \u00c9 conhecida como a &#8220;vila mais antiga&#8221; do pa\u00eds e tamb\u00e9m por ser das mais limpas e floridas.<\/p>\n<p>\u00c9 caracterizada pela sua arquitetura medieval e pela \u00e1rea envolvente, banhada pelo Rio Lima.<\/p>\n<p>Em pleno cora\u00e7\u00e3o do Vale do Lima, a beleza da vila mais antiga de Portugal esconde ra\u00edzes profundas e lendas ancestrais. Foi a Condessa D. Teresa de Le\u00e3o quem, em 1125, outorgou carta de foral \u00e0 vila, referindo-se \u00e0 mesma como Terra de Ponte.<\/p>\n<p>A ponte, que deu nome a esta terra, adquiriu sempre uma import\u00e2ncia de grande significado em todo o Alto Minho, uma vez que era a \u00fanica passagem segura do Rio Lima, em toda a sua extens\u00e3o, at\u00e9 aos finais da Idade M\u00e9dia. A primitiva foi constru\u00edda pelos romanos, da qual ainda resta um tro\u00e7o significativo na margem direita do Lima, sendo a medieval um marco not\u00e1vel da arquitectura, havendo muito poucos exemplos que se lhe comparem na altivez, beleza e equil\u00edbrio do seu todo. Refer\u00eancia obrigat\u00f3ria em roteiros, guias e mapas, muitos deles antigos, que descrevem a passagem por ela de milhares de peregrinos que demandavam a Santiago de Compostela e que ainda nos dias de hoje a transp\u00f5em com a mesma finalidade.<\/p>\n<p>A partir do s\u00e9culo XVIII a expans\u00e3o urbana surge e com ela o in\u00edcio da destrui\u00e7\u00e3o da muralha que abra\u00e7ava a vila. Come\u00e7a a prosperar, por todo o concelho de Ponte de Lima, a opul\u00eancia das casas senhoriais que a nobreza da \u00e9poca se encarregou de disseminar. Ao longo dos tempos, Ponte de Lima foi, assim, somando \u00e0 sua beleza natural magn\u00edficas fachadas g\u00f3ticas, maneiristas, barrocas, neocl\u00e1ssicas e oitocentistas, aumentando significativamente o valor hist\u00f3rico, cultural e arquitect\u00f3nico deste rinc\u00e3o \u00fanico em todo o Portugal.<\/p>\n<p>&nbsp;<\/p>\n<p>Tamb\u00e9m o Rio Lima foi em tempos indicado como sendo o mitol\u00f3gico &#8220;Rio Lethes&#8221; ou rio do esquecimento. Mitologia e geografia cruzaram-se num momento hist\u00f3rico, em 138 a.C., quando o general Romano D\u00e9cimo J\u00fanio Bruto Galaico se disp\u00f5e a derrubar o mito, j\u00e1 que o rio impedia a progress\u00e3o da sua campanha militar na regi\u00e3o. Atravessou o Lima sozinho e, da outra margem, chamou os seus soldados, um por um, pelos seus nomes. Os seus soldados, espantados pelo facto do seu general manter a mem\u00f3ria, atravessaram ent\u00e3o o rio, sem medo, claudicando o mito do Lethes.<\/p>\n<p style=\"text-align: center\">&#8212;&#8212;&#8212;&#8211;<\/p>\n<p><em>English version<\/em><\/p>\n<h1><strong><em>Ponte de Lima<\/em><\/strong><\/h1>\n<p><em>Ponte de Lima is one of the most beautiful old villages of Portugal and is located in the southern bank of the Lima, a small river with sources in Spain.<\/em><\/p>\n<p><em>One of the oldest towns in Portugal (founded on 4 March 1125), it was historically significant as a Roman settlement in the road from Braga to Santiago de Compostela and Lugo, and the first place in Portugal getting a municipal charter.<\/em><\/p>\n<p><em>Every second Monday, it holds one of the largest country markets in Portugal. In the second weekend of September, Ponte de Lima hold the Feiras Novas (the new fairs) for three days since 1826, granted by the Royal Provision of king Pedro IV of Portugal.<\/em><\/p>\n<p><em>The attractive rural area around has the largest concentration of baroque manors in Portugal (Bertiandos, Brandara, Calheiros, and Pomarch\u00e3o are among the best known); Some provide tourism accommodation. Ponte de Lima is also known in the region for its wine: Vinho Verde.<\/em><\/p>\n<div class=\"simple-format-container\">\n<p><em>Ponte de Lima is considered the oldest town in Portugal, and is also considered the cleanest town in Portugal, and also one of the most flowered.<\/em><\/p>\n<p><em>\u00a0<\/em><\/p>\n<\/div>\n","protected":false},"excerpt":{"rendered":"<p>Ponte de Lima \u00e9 uma das mais bonitas e antigas vilas de Portugal. \u00c9 conhecida como a &#8220;vila mais antiga&#8221; do pa\u00eds e tamb\u00e9m por ser das mais limpas e floridas. \u00c9 caracterizada pela sua arquitetura medieval e pela \u00e1rea envolvente, banhada pelo Rio Lima. Em pleno cora\u00e7\u00e3o do Vale do Lima, a beleza da &hellip; <a href=\"http:\/\/www.sotaoaberto.com\/casadasandorinhas\/ponte-de-lima\/\" class=\"more-link\">Continuar a ler<span class=\"screen-reader-text\">Ponte de Lima (Why visit)<\/span> <span class=\"meta-nav\">&rarr;<\/span><\/a><\/p>\n","protected":false},"author":10,"featured_media":0,"parent":0,"menu_order":0,"comment_status":"closed","ping_status":"closed","template":"","meta":{"footnotes":""},"class_list":["post-20","page","type-page","status-publish","hentry"],"_links":{"self":[{"href":"http:\/\/www.sotaoaberto.com\/casadasandorinhas\/wp-json\/wp\/v2\/pages\/20","targetHints":{"allow":["GET"]}}],"collection":[{"href":"http:\/\/www.sotaoaberto.com\/casadasandorinhas\/wp-json\/wp\/v2\/pages"}],"about":[{"href":"http:\/\/www.sotaoaberto.com\/casadasandorinhas\/wp-json\/wp\/v2\/types\/page"}],"author":[{"embeddable":true,"href":"http:\/\/www.sotaoaberto.com\/casadasandorinhas\/wp-json\/wp\/v2\/users\/10"}],"replies":[{"embeddable":true,"href":"http:\/\/www.sotaoaberto.com\/casadasandorinhas\/wp-json\/wp\/v2\/comments?post=20"}],"version-history":[{"count":4,"href":"http:\/\/www.sotaoaberto.com\/casadasandorinhas\/wp-json\/wp\/v2\/pages\/20\/revisions"}],"predecessor-version":[{"id":135,"href":"http:\/\/www.sotaoaberto.com\/casadasandorinhas\/wp-json\/wp\/v2\/pages\/20\/revisions\/135"}],"wp:attachment":[{"href":"http:\/\/www.sotaoaberto.com\/casadasandorinhas\/wp-json\/wp\/v2\/media?parent=20"}],"curies":[{"name":"wp","href":"https:\/\/api.w.org\/{rel}","templated":true}]}}