{"id":30,"date":"2017-04-22T10:27:39","date_gmt":"2017-04-22T10:27:39","guid":{"rendered":"http:\/\/www.sotaoaberto.com\/casadasandorinhas\/?page_id=30"},"modified":"2017-04-22T12:06:02","modified_gmt":"2017-04-22T12:06:02","slug":"casa-das-andorinhas-2","status":"publish","type":"page","link":"http:\/\/www.sotaoaberto.com\/casadasandorinhas\/casa-das-andorinhas-2\/","title":{"rendered":"Casa das Andorinhas 2"},"content":{"rendered":"<p><strong>A andorinha vai e volta sempre, para os lugares onde \u00e9 feliz!<\/strong><\/p>\n<p>A 800\u00a0m do centro da vila \u00e9\u00a0o local perfeito para explorar a gastronomia e a beleza de uma regi\u00e3o rica em tipicidade, patrim\u00f3nio e hist\u00f3ria.<\/p>\n<p>Todos os quartos est\u00e3o equipados com televis\u00e3o ecr\u00e3 plano, m\u00f3veis e objectos carregados de hist\u00f3rias que tornam esta casa um espa\u00e7o acolhedor e \u00fanico, incapaz de nos deixar indiferentes.<\/p>\n<p>Um ref\u00fagio que lhe oferece os tons, os aromas e toda a riqueza de uma vila nortenha que \u00e9 atravessada pelo &#8220;Caminho de Santiago&#8221;.<\/p>\n<p>Criamos um espa\u00e7o acolhedor e \u00fanico para que seja a &#8220;minha Casa das Andorinhas&#8221; de quem a visitar.<\/p>\n<p>&nbsp;<\/p>\n<p style=\"text-align: center\">&#8212;&#8212;&#8212;&#8212;&#8212;<\/p>\n<div id=\"gt-src-tools\">\u00a0<em>English Version<\/em><\/div>\n<div id=\"gt-src-tools\"><em>\u00a0<\/em><\/div>\n<div id=\"gt-src-c\" class=\"g-unit\">\n<div id=\"gt-src-p\">\n<div id=\"gt-src-wrap\" class=\"\">\n<div id=\"gt-src-cc\">\n<div id=\"gt-src-cc-ctr\" class=\"cc-ctr gt-src-cc-normal\" dir=\"ltr\">\n<p><em><strong>T<span id=\"result_box\" class=\"\" lang=\"en\"><span class=\"\">he swallow goes back and forth, to the places where it is happy!<\/span><\/span><\/strong><\/em><\/p>\n<p><em><span class=\"\">Casa das Andorinhas is at 800 metres from the village center, the perfect place to explore the gastronomy and the beauty of a town full of heritage and history.<\/span><\/em><\/p>\n<p><em><span class=\"\">All rooms are equipped with flat screen TV, furniture and objects loaded with stories that make this house a cozy and unique space, unable to leave us indifferent.<\/span><\/em><\/p>\n<p><em><span class=\"\">A place that offers you the tones, the aromas and all the wealth of a northern village that is crossed by the &#8220;Caminho de Santiago&#8221;.<\/span><\/em><\/p>\n<p><em><span class=\"\">We have created a cozy and unique space to be the &#8220;My swallows house&#8221; of those who visit.<\/span><\/em><\/p>\n<\/div>\n<\/div>\n<\/div>\n<\/div>\n<\/div>\n<p>&nbsp;<\/p>\n","protected":false},"excerpt":{"rendered":"<p>A andorinha vai e volta sempre, para os lugares onde \u00e9 feliz! A 800\u00a0m do centro da vila \u00e9\u00a0o local perfeito para explorar a gastronomia e a beleza de uma regi\u00e3o rica em tipicidade, patrim\u00f3nio e hist\u00f3ria. Todos os quartos est\u00e3o equipados com televis\u00e3o ecr\u00e3 plano, m\u00f3veis e objectos carregados de hist\u00f3rias que tornam esta &hellip; <a href=\"http:\/\/www.sotaoaberto.com\/casadasandorinhas\/casa-das-andorinhas-2\/\" class=\"more-link\">Continuar a ler<span class=\"screen-reader-text\">Casa das Andorinhas 2<\/span> <span class=\"meta-nav\">&rarr;<\/span><\/a><\/p>\n","protected":false},"author":10,"featured_media":0,"parent":0,"menu_order":0,"comment_status":"closed","ping_status":"closed","template":"","meta":{"footnotes":""},"class_list":["post-30","page","type-page","status-publish","hentry"],"_links":{"self":[{"href":"http:\/\/www.sotaoaberto.com\/casadasandorinhas\/wp-json\/wp\/v2\/pages\/30","targetHints":{"allow":["GET"]}}],"collection":[{"href":"http:\/\/www.sotaoaberto.com\/casadasandorinhas\/wp-json\/wp\/v2\/pages"}],"about":[{"href":"http:\/\/www.sotaoaberto.com\/casadasandorinhas\/wp-json\/wp\/v2\/types\/page"}],"author":[{"embeddable":true,"href":"http:\/\/www.sotaoaberto.com\/casadasandorinhas\/wp-json\/wp\/v2\/users\/10"}],"replies":[{"embeddable":true,"href":"http:\/\/www.sotaoaberto.com\/casadasandorinhas\/wp-json\/wp\/v2\/comments?post=30"}],"version-history":[{"count":5,"href":"http:\/\/www.sotaoaberto.com\/casadasandorinhas\/wp-json\/wp\/v2\/pages\/30\/revisions"}],"predecessor-version":[{"id":131,"href":"http:\/\/www.sotaoaberto.com\/casadasandorinhas\/wp-json\/wp\/v2\/pages\/30\/revisions\/131"}],"wp:attachment":[{"href":"http:\/\/www.sotaoaberto.com\/casadasandorinhas\/wp-json\/wp\/v2\/media?parent=30"}],"curies":[{"name":"wp","href":"https:\/\/api.w.org\/{rel}","templated":true}]}}